{"id":420,"date":"2017-01-02T10:53:29","date_gmt":"2017-01-02T10:53:29","guid":{"rendered":"http:\/\/themecook.com\/cake\/?page_id=420"},"modified":"2022-09-10T08:56:59","modified_gmt":"2022-09-10T08:56:59","slug":"contact","status":"publish","type":"page","link":"https:\/\/www.siringulpatisserie.co.uk\/index.php\/contact\/","title":{"rendered":"Contact"},"content":{"rendered":"<p>[vc_row el_class=&#8221;padd-160&#215;100&#8243;][vc_column width=&#8221;1\/2&#8243;][vc_column_text]<\/p>\n<h4>Welcome any time and anyone<\/h4>\n<p>[\/vc_column_text][cake_address address_content=&#8221;%5B%7B%22content_title%22%3A%22Address%22%2C%22content_body%22%3A%22816%20Hertford%20road%20Enfield%20London%20EN3%206UE%22%2C%22font_awesome_icone%22%3A%22fa%20fa-map-marker%22%7D%2C%7B%22content_title%22%3A%22Call%20Us%22%2C%22content_body%22%3A%2207916509857%22%2C%22font_awesome_icone%22%3A%22fa%20fa-phone%22%7D%2C%7B%22content_title%22%3A%22Email%22%2C%22content_body%22%3A%22info%40siringulpatisserie.co.uk%22%2C%22font_awesome_icone%22%3A%22fa%20fa-envelope-o%22%7D%5D&#8221; description=&#8221;Mr. Hasan \u015e\u0130R\u0130NG\u00dcL&#8221;][\/vc_column][vc_column width=&#8221;1\/2&#8243;][cake_contact shortcode=&#8221;#E-8_JTVCY29udGFjdC1mb3JtLTclMjBpZCUzRCUyMjQyMSUyMiUyMHRpdGxlJTNEJTIyY29udGFjdCUyMHBhZ2UlMjIlNUQ=&#8221;][\/vc_column][\/vc_row][vc_row full_width=&#8221;stretch_row_content&#8221;][vc_column][cake_google_map latitude=&#8221;51.6771338&#8243; longitude=&#8221;-0.0374471&#8243;][\/vc_column][\/vc_row]<\/p>\n","protected":false},"excerpt":{"rendered":"","protected":false},"author":1,"featured_media":0,"parent":0,"menu_order":0,"comment_status":"closed","ping_status":"closed","template":"","meta":{"footnotes":""},"class_list":{"1":"page","2":"type-page","3":"status-publish","4":"hentry","5":"post-single "},"_links":{"self":[{"href":"https:\/\/www.siringulpatisserie.co.uk\/index.php\/wp-json\/wp\/v2\/pages\/420","targetHints":{"allow":["GET"]}}],"collection":[{"href":"https:\/\/www.siringulpatisserie.co.uk\/index.php\/wp-json\/wp\/v2\/pages"}],"about":[{"href":"https:\/\/www.siringulpatisserie.co.uk\/index.php\/wp-json\/wp\/v2\/types\/page"}],"author":[{"embeddable":true,"href":"https:\/\/www.siringulpatisserie.co.uk\/index.php\/wp-json\/wp\/v2\/users\/1"}],"replies":[{"embeddable":true,"href":"https:\/\/www.siringulpatisserie.co.uk\/index.php\/wp-json\/wp\/v2\/comments?post=420"}],"version-history":[{"count":2,"href":"https:\/\/www.siringulpatisserie.co.uk\/index.php\/wp-json\/wp\/v2\/pages\/420\/revisions"}],"predecessor-version":[{"id":622,"href":"https:\/\/www.siringulpatisserie.co.uk\/index.php\/wp-json\/wp\/v2\/pages\/420\/revisions\/622"}],"wp:attachment":[{"href":"https:\/\/www.siringulpatisserie.co.uk\/index.php\/wp-json\/wp\/v2\/media?parent=420"}],"curies":[{"name":"wp","href":"https:\/\/api.w.org\/{rel}","templated":true}]}}